{"id":14,"date":"2025-10-15T11:40:40","date_gmt":"2025-10-15T11:40:40","guid":{"rendered":"https:\/\/aliciamiranda.rkinformatika.online\/?page_id=14"},"modified":"2025-12-30T13:44:23","modified_gmt":"2025-12-30T13:44:23","slug":"contacto","status":"publish","type":"page","link":"https:\/\/aliciamiranda.com\/en\/contacto\/","title":{"rendered":"Contact"},"content":{"rendered":"\t\t<div data-elementor-type=\"wp-page\" data-elementor-id=\"14\" class=\"elementor elementor-14\" data-elementor-post-type=\"page\">\n\t\t\t\t<div class=\"elementor-element elementor-element-3197dd e-con-full e-flex e-con e-parent\" data-id=\"3197dd\" data-element_type=\"container\" data-e-type=\"container\" data-settings=\"{&quot;background_background&quot;:&quot;classic&quot;}\">\n\t\t\t\t<\/div>\n\t\t<div class=\"elementor-element elementor-element-70dc4cc e-flex e-con-boxed e-con e-parent\" data-id=\"70dc4cc\" data-element_type=\"container\" data-e-type=\"container\">\n\t\t\t\t\t<div class=\"e-con-inner\">\n\t\t<div class=\"elementor-element elementor-element-7bb579d e-con-full e-flex elementor-invisible e-con e-child\" data-id=\"7bb579d\" data-element_type=\"container\" data-e-type=\"container\" data-settings=\"{&quot;background_background&quot;:&quot;classic&quot;,&quot;animation&quot;:&quot;fadeInLeft&quot;}\">\n\t\t\t\t<div class=\"elementor-element elementor-element-6cd332c elementor-widget elementor-widget-heading\" data-id=\"6cd332c\" data-element_type=\"widget\" data-e-type=\"widget\" data-widget_type=\"heading.default\">\n\t\t\t\t\t<h6 class=\"elementor-heading-title elementor-size-default\">Cont\u00e1ctanos<\/h6>\t\t\t\t<\/div>\n\t\t\t\t<div class=\"elementor-element elementor-element-adee0b7 elementor-widget__width-initial elementor-widget elementor-widget-text-editor\" data-id=\"adee0b7\" data-element_type=\"widget\" data-e-type=\"widget\" data-widget_type=\"text-editor.default\">\n\t\t\t\t\t\t\t\t\t<p>Cont\u00e1ctanos para obtener ayuda o hacer comentarios.<\/p><p>Nuestro equipo est\u00e1 dedicado a mejorar tu experiencia.<\/p>\t\t\t\t\t\t\t\t<\/div>\n\t\t\t\t<div class=\"elementor-element elementor-element-2e9bc16 elementor-widget elementor-widget-image\" data-id=\"2e9bc16\" data-element_type=\"widget\" data-e-type=\"widget\" data-widget_type=\"image.default\">\n\t\t\t\t\t\t\t\t\t\t\t\t\t\t\t<img fetchpriority=\"high\" decoding=\"async\" width=\"800\" height=\"391\" src=\"https:\/\/aliciamiranda.com\/wp-content\/uploads\/2025\/10\/logo-2-Alicia-Miranda-Castillo-02-1024x501.png\" class=\"attachment-large size-large wp-image-85\" alt=\"\" srcset=\"https:\/\/aliciamiranda.com\/wp-content\/uploads\/2025\/10\/logo-2-Alicia-Miranda-Castillo-02-1024x501.png 1024w, https:\/\/aliciamiranda.com\/wp-content\/uploads\/2025\/10\/logo-2-Alicia-Miranda-Castillo-02-300x147.png 300w, https:\/\/aliciamiranda.com\/wp-content\/uploads\/2025\/10\/logo-2-Alicia-Miranda-Castillo-02-768x376.png 768w, https:\/\/aliciamiranda.com\/wp-content\/uploads\/2025\/10\/logo-2-Alicia-Miranda-Castillo-02-1536x752.png 1536w, https:\/\/aliciamiranda.com\/wp-content\/uploads\/2025\/10\/logo-2-Alicia-Miranda-Castillo-02-2048x1003.png 2048w, https:\/\/aliciamiranda.com\/wp-content\/uploads\/2025\/10\/logo-2-Alicia-Miranda-Castillo-02-18x9.png 18w\" sizes=\"(max-width: 800px) 100vw, 800px\" \/>\t\t\t\t\t\t\t\t\t\t\t\t\t\t\t<\/div>\n\t\t<div class=\"elementor-element elementor-element-9b6a7f7 e-con-full e-flex e-con e-child\" data-id=\"9b6a7f7\" data-element_type=\"container\" data-e-type=\"container\">\n\t\t\t\t<div class=\"elementor-element elementor-element-e397792 elementor-widget__width-initial elementor-view-default elementor-widget elementor-widget-icon\" data-id=\"e397792\" data-element_type=\"widget\" data-e-type=\"widget\" data-widget_type=\"icon.default\">\n\t\t\t\t\t\t\t<div class=\"elementor-icon-wrapper\">\n\t\t\t<a class=\"elementor-icon\" href=\"mailto:%20dandosp@hotmail.com\" target=\"_blank\">\n\t\t\t<svg aria-hidden=\"true\" class=\"e-font-icon-svg e-far-envelope\" viewBox=\"0 0 512 512\" xmlns=\"http:\/\/www.w3.org\/2000\/svg\"><path d=\"M464 64H48C21.49 64 0 85.49 0 112v288c0 26.51 21.49 48 48 48h416c26.51 0 48-21.49 48-48V112c0-26.51-21.49-48-48-48zm0 48v40.805c-22.422 18.259-58.168 46.651-134.587 106.49-16.841 13.247-50.201 45.072-73.413 44.701-23.208.375-56.579-31.459-73.413-44.701C106.18 199.465 70.425 171.067 48 152.805V112h416zM48 400V214.398c22.914 18.251 55.409 43.862 104.938 82.646 21.857 17.205 60.134 55.186 103.062 54.955 42.717.231 80.509-37.199 103.053-54.947 49.528-38.783 82.032-64.401 104.947-82.653V400H48z\"><\/path><\/svg>\t\t\t<\/a>\n\t\t<\/div>\n\t\t\t\t\t\t<\/div>\n\t\t\t\t<div class=\"elementor-element elementor-element-30cc4f3 elementor-widget__width-auto elementor-widget elementor-widget-heading\" data-id=\"30cc4f3\" data-element_type=\"widget\" data-e-type=\"widget\" data-widget_type=\"heading.default\">\n\t\t\t\t\t<h4 class=\"elementor-heading-title elementor-size-default\"><a href=\"mailto:%20tarotaliciamiranda@gmail.com\">tarotaliciamiranda@gmail.com<\/a><\/h4>\t\t\t\t<\/div>\n\t\t\t\t<div class=\"elementor-element elementor-element-76fe4dd elementor-widget__width-initial elementor-view-default elementor-widget elementor-widget-icon\" data-id=\"76fe4dd\" data-element_type=\"widget\" data-e-type=\"widget\" data-widget_type=\"icon.default\">\n\t\t\t\t\t\t\t<div class=\"elementor-icon-wrapper\">\n\t\t\t<a class=\"elementor-icon\" href=\"tel:%20623983263\" target=\"_blank\">\n\t\t\t<svg aria-hidden=\"true\" class=\"e-font-icon-svg e-fab-whatsapp\" viewBox=\"0 0 448 512\" xmlns=\"http:\/\/www.w3.org\/2000\/svg\"><path d=\"M380.9 97.1C339 55.1 283.2 32 223.9 32c-122.4 0-222 99.6-222 222 0 39.1 10.2 77.3 29.6 111L0 480l117.7-30.9c32.4 17.7 68.9 27 106.1 27h.1c122.3 0 224.1-99.6 224.1-222 0-59.3-25.2-115-67.1-157zm-157 341.6c-33.2 0-65.7-8.9-94-25.7l-6.7-4-69.8 18.3L72 359.2l-4.4-7c-18.5-29.4-28.2-63.3-28.2-98.2 0-101.7 82.8-184.5 184.6-184.5 49.3 0 95.6 19.2 130.4 54.1 34.8 34.9 56.2 81.2 56.1 130.5 0 101.8-84.9 184.6-186.6 184.6zm101.2-138.2c-5.5-2.8-32.8-16.2-37.9-18-5.1-1.9-8.8-2.8-12.5 2.8-3.7 5.6-14.3 18-17.6 21.8-3.2 3.7-6.5 4.2-12 1.4-32.6-16.3-54-29.1-75.5-66-5.7-9.8 5.7-9.1 16.3-30.3 1.8-3.7.9-6.9-.5-9.7-1.4-2.8-12.5-30.1-17.1-41.2-4.5-10.8-9.1-9.3-12.5-9.5-3.2-.2-6.9-.2-10.6-.2-3.7 0-9.7 1.4-14.8 6.9-5.1 5.6-19.4 19-19.4 46.3 0 27.3 19.9 53.7 22.6 57.4 2.8 3.7 39.1 59.7 94.8 83.8 35.2 15.2 49 16.5 66.6 13.9 10.7-1.6 32.8-13.4 37.4-26.4 4.6-13 4.6-24.1 3.2-26.4-1.3-2.5-5-3.9-10.5-6.6z\"><\/path><\/svg>\t\t\t<\/a>\n\t\t<\/div>\n\t\t\t\t\t\t<\/div>\n\t\t\t\t<div class=\"elementor-element elementor-element-ebebbc9 elementor-widget__width-initial elementor-view-default elementor-widget elementor-widget-icon\" data-id=\"ebebbc9\" data-element_type=\"widget\" data-e-type=\"widget\" data-widget_type=\"icon.default\">\n\t\t\t\t\t\t\t<div class=\"elementor-icon-wrapper\">\n\t\t\t<a class=\"elementor-icon\" href=\"tel:%20623983263\" target=\"_blank\">\n\t\t\t<svg aria-hidden=\"true\" class=\"e-font-icon-svg e-fas-phone-alt\" viewBox=\"0 0 512 512\" xmlns=\"http:\/\/www.w3.org\/2000\/svg\"><path d=\"M497.39 361.8l-112-48a24 24 0 0 0-28 6.9l-49.6 60.6A370.66 370.66 0 0 1 130.6 204.11l60.6-49.6a23.94 23.94 0 0 0 6.9-28l-48-112A24.16 24.16 0 0 0 122.6.61l-104 24A24 24 0 0 0 0 48c0 256.5 207.9 464 464 464a24 24 0 0 0 23.4-18.6l24-104a24.29 24.29 0 0 0-14.01-27.6z\"><\/path><\/svg>\t\t\t<\/a>\n\t\t<\/div>\n\t\t\t\t\t\t<\/div>\n\t\t\t\t<div class=\"elementor-element elementor-element-189d408 elementor-widget__width-auto elementor-widget elementor-widget-heading\" data-id=\"189d408\" data-element_type=\"widget\" data-e-type=\"widget\" data-widget_type=\"heading.default\">\n\t\t\t\t\t<h4 class=\"elementor-heading-title elementor-size-default\"><a href=\"tel:%20623983263\">+34 623 983 263<\/a><\/h4>\t\t\t\t<\/div>\n\t\t\t\t<\/div>\n\t\t\t\t<\/div>\n\t\t<div class=\"elementor-element elementor-element-d8b9d35 e-con-full e-flex e-con e-child\" data-id=\"d8b9d35\" data-element_type=\"container\" data-e-type=\"container\">\n\t\t\t\t<div class=\"elementor-element elementor-element-cfd0039 elementor-widget elementor-widget-heading\" data-id=\"cfd0039\" data-element_type=\"widget\" data-e-type=\"widget\" data-widget_type=\"heading.default\">\n\t\t\t\t\t<h2 class=\"elementor-heading-title elementor-size-default\">No dudes en hacer una pregunta\n<\/h2>\t\t\t\t<\/div>\n\t\t\t\t<div class=\"elementor-element elementor-element-c59c39a elementor-widget elementor-widget-text-editor\" data-id=\"c59c39a\" data-element_type=\"widget\" data-e-type=\"widget\" data-widget_type=\"text-editor.default\">\n\t\t\t\t\t\t\t\t\t<p>Completa el formulario y te contactaremos muy pronto.<\/p>\t\t\t\t\t\t\t\t<\/div>\n\t\t\t\t<div class=\"elementor-element elementor-element-b30a137 elementor-button-align-start elementor-widget__width-initial elementor-widget elementor-widget-form\" data-id=\"b30a137\" data-element_type=\"widget\" data-e-type=\"widget\" data-settings=\"{&quot;button_width&quot;:&quot;50&quot;,&quot;step_next_label&quot;:&quot;Next&quot;,&quot;step_previous_label&quot;:&quot;Previous&quot;,&quot;step_type&quot;:&quot;number_text&quot;,&quot;step_icon_shape&quot;:&quot;circle&quot;}\" data-widget_type=\"form.default\">\n\t\t\t\t\t\t\t<form class=\"elementor-form\" method=\"post\" name=\"Contacto ContactoPage\" aria-label=\"Contacto ContactoPage\">\n\t\t\t<input type=\"hidden\" name=\"post_id\" value=\"14\"\/>\n\t\t\t<input type=\"hidden\" name=\"form_id\" value=\"b30a137\"\/>\n\t\t\t<input type=\"hidden\" name=\"referer_title\" value=\"Alicia Miranda\" \/>\n\n\t\t\t\n\t\t\t<div class=\"elementor-form-fields-wrapper elementor-labels-\">\n\t\t\t\t\t\t\t\t<div class=\"elementor-field-type-text elementor-field-group elementor-column elementor-field-group-name elementor-col-100 elementor-field-required\">\n\t\t\t\t\t\t\t\t\t\t\t\t<label for=\"form-field-name\" class=\"elementor-field-label elementor-screen-only\">\n\t\t\t\t\t\t\t\tName\t\t\t\t\t\t\t<\/label>\n\t\t\t\t\t\t\t\t\t\t\t\t\t\t<input size=\"1\" type=\"text\" name=\"form_fields[name]\" id=\"form-field-name\" class=\"elementor-field elementor-size-sm  elementor-field-textual\" placeholder=\"Nombre\" required=\"required\">\n\t\t\t\t\t\t\t\t\t\t\t<\/div>\n\t\t\t\t\t\t\t\t<div class=\"elementor-field-type-email elementor-field-group elementor-column elementor-field-group-email elementor-col-33 elementor-field-required\">\n\t\t\t\t\t\t\t\t\t\t\t\t<label for=\"form-field-email\" class=\"elementor-field-label elementor-screen-only\">\n\t\t\t\t\t\t\t\tEmail\t\t\t\t\t\t\t<\/label>\n\t\t\t\t\t\t\t\t\t\t\t\t\t\t<input size=\"1\" type=\"email\" name=\"form_fields[email]\" id=\"form-field-email\" class=\"elementor-field elementor-size-sm  elementor-field-textual\" placeholder=\"Email\" required=\"required\">\n\t\t\t\t\t\t\t\t\t\t\t<\/div>\n\t\t\t\t\t\t\t\t<div class=\"elementor-field-type-tel elementor-field-group elementor-column elementor-field-group-movil elementor-col-33 elementor-field-required\">\n\t\t\t\t\t\t\t\t\t\t\t\t<label for=\"form-field-movil\" class=\"elementor-field-label elementor-screen-only\">\n\t\t\t\t\t\t\t\tM\u00f3vil\t\t\t\t\t\t\t<\/label>\n\t\t\t\t\t\t\t\t<input size=\"1\" type=\"tel\" name=\"form_fields[movil]\" id=\"form-field-movil\" class=\"elementor-field elementor-size-sm  elementor-field-textual\" placeholder=\"M\u00f3vil\" required=\"required\" pattern=\"[0-9()#&amp;+*-=.]+\" title=\"Only numbers and phone characters (#, -, *, etc) are accepted.\">\n\n\t\t\t\t\t\t<\/div>\n\t\t\t\t\t\t\t\t<div class=\"elementor-field-type-text elementor-field-group elementor-column elementor-field-group-field_176c31e elementor-col-33 elementor-field-required\">\n\t\t\t\t\t\t\t\t\t\t\t\t<label for=\"form-field-field_176c31e\" class=\"elementor-field-label elementor-screen-only\">\n\t\t\t\t\t\t\t\tTema\t\t\t\t\t\t\t<\/label>\n\t\t\t\t\t\t\t\t\t\t\t\t\t\t<input size=\"1\" type=\"text\" name=\"form_fields[field_176c31e]\" id=\"form-field-field_176c31e\" class=\"elementor-field elementor-size-sm  elementor-field-textual\" placeholder=\"Tema\" required=\"required\">\n\t\t\t\t\t\t\t\t\t\t\t<\/div>\n\t\t\t\t\t\t\t\t<div class=\"elementor-field-type-textarea elementor-field-group elementor-column elementor-field-group-field_5d08d9b elementor-col-100 elementor-field-required\">\n\t\t\t\t\t\t\t\t\t\t\t\t<label for=\"form-field-field_5d08d9b\" class=\"elementor-field-label elementor-screen-only\">\n\t\t\t\t\t\t\t\tMensaje\t\t\t\t\t\t\t<\/label>\n\t\t\t\t\t\t<textarea class=\"elementor-field-textual elementor-field  elementor-size-sm\" name=\"form_fields[field_5d08d9b]\" id=\"form-field-field_5d08d9b\" rows=\"4\" placeholder=\"Mensaje\" required=\"required\"><\/textarea>\t\t\t\t<\/div>\n\t\t\t\t\t\t\t\t<div class=\"elementor-field-type-checkbox elementor-field-group elementor-column elementor-field-group-field_5de6374 elementor-col-100\">\n\t\t\t\t\t\t\t\t\t\t\t\t<label for=\"form-field-field_5de6374\" class=\"elementor-field-label elementor-screen-only\">\n\t\t\t\t\t\t\t\tHe Le\u00eddo \t\t\t\t\t\t\t<\/label>\n\t\t\t\t\t\t<div class=\"elementor-field-subgroup  \"><span class=\"elementor-field-option\"><input type=\"checkbox\" value=\"He Le\u00eddo y Acepto la &lt;a href=&quot;https:\/\/rksolutions.es\/politica-de-privacidad\/&quot; onclick=&quot;window.open(this.href,&#039;privacidad&#039;,&#039;width=800,height=600&#039;);return false;&quot;&gt;Pol\u00edtica de Privacidad&lt;\/a&gt;\" id=\"form-field-field_5de6374-0\" name=\"form_fields[field_5de6374]\"> <label for=\"form-field-field_5de6374-0\">He Le\u00eddo y Acepto la <a href=\"https:\/\/rksolutions.es\/politica-de-privacidad\/\" onclick=\"window.open(this.href,'privacidad','width=800,height=600');return false;\">Pol\u00edtica de Privacidad<\/a><\/label><\/span><\/div>\t\t\t\t<\/div>\n\t\t\t\t\t\t\t\t<div class=\"elementor-field-type-recaptcha_v3 elementor-field-group elementor-column elementor-field-group-field_9e00c78 elementor-col-100 recaptcha_v3-bottomright\">\n\t\t\t\t\t<div class=\"elementor-field\" id=\"form-field-field_9e00c78\"><div class=\"elementor-g-recaptcha\" data-sitekey=\"6LesHzssAAAAAHJbYNQbMXBsHplUhpRazXho9BSi\" data-type=\"v3\" data-action=\"Form\" data-badge=\"bottomright\" data-size=\"invisible\"><\/div><\/div>\t\t\t\t<\/div>\n\t\t\t\t\t\t\t\t<div class=\"elementor-field-group elementor-column elementor-field-type-submit elementor-col-50 e-form__buttons\">\n\t\t\t\t\t<button class=\"elementor-button elementor-size-sm\" type=\"submit\">\n\t\t\t\t\t\t<span class=\"elementor-button-content-wrapper\">\n\t\t\t\t\t\t\t\t\t\t\t\t\t\t\t<span class=\"elementor-button-icon\">\n\t\t\t\t\t\t\t\t\t<svg aria-hidden=\"true\" class=\"e-font-icon-svg e-fas-rocket\" viewBox=\"0 0 512 512\" xmlns=\"http:\/\/www.w3.org\/2000\/svg\"><path d=\"M505.12019,19.09375c-1.18945-5.53125-6.65819-11-12.207-12.1875C460.716,0,435.507,0,410.40747,0,307.17523,0,245.26909,55.20312,199.05238,128H94.83772c-16.34763.01562-35.55658,11.875-42.88664,26.48438L2.51562,253.29688A28.4,28.4,0,0,0,0,264a24.00867,24.00867,0,0,0,24.00582,24H127.81618l-22.47457,22.46875c-11.36521,11.36133-12.99607,32.25781,0,45.25L156.24582,406.625c11.15623,11.1875,32.15619,13.15625,45.27726,0l22.47457-22.46875V488a24.00867,24.00867,0,0,0,24.00581,24,28.55934,28.55934,0,0,0,10.707-2.51562l98.72834-49.39063c14.62888-7.29687,26.50776-26.5,26.50776-42.85937V312.79688c72.59753-46.3125,128.03493-108.40626,128.03493-211.09376C512.07526,76.5,512.07526,51.29688,505.12019,19.09375ZM384.04033,168A40,40,0,1,1,424.05,128,40.02322,40.02322,0,0,1,384.04033,168Z\"><\/path><\/svg>\t\t\t\t\t\t\t\t\t\t\t\t\t\t\t\t\t<\/span>\n\t\t\t\t\t\t\t\t\t\t\t\t\t\t\t\t\t\t\t\t\t\t<span class=\"elementor-button-text\">Hablemos ahora<\/span>\n\t\t\t\t\t\t\t\t\t\t\t\t\t<\/span>\n\t\t\t\t\t<\/button>\n\t\t\t\t<\/div>\n\t\t\t<\/div>\n\t\t<\/form>\n\t\t\t\t\t\t<\/div>\n\t\t\t\t<\/div>\n\t\t\t\t\t<\/div>\n\t\t\t\t<\/div>\n\t\t<div class=\"elementor-element elementor-element-59d1883b e-con-full e-flex e-con e-parent\" data-id=\"59d1883b\" data-element_type=\"container\" data-e-type=\"container\">\n\t\t\t\t<div class=\"elementor-element elementor-element-48a2657 elementor-widget elementor-widget-image\" data-id=\"48a2657\" data-element_type=\"widget\" data-e-type=\"widget\" data-widget_type=\"image.default\">\n\t\t\t\t\t\t\t\t\t\t\t\t\t\t\t<img decoding=\"async\" width=\"800\" height=\"458\" src=\"https:\/\/aliciamiranda.com\/wp-content\/uploads\/2025\/10\/Gato-Negro_Mesa-de-trabajo-1-1024x586.png\" class=\"attachment-large size-large wp-image-175\" alt=\"\" srcset=\"https:\/\/aliciamiranda.com\/wp-content\/uploads\/2025\/10\/Gato-Negro_Mesa-de-trabajo-1-1024x586.png 1024w, https:\/\/aliciamiranda.com\/wp-content\/uploads\/2025\/10\/Gato-Negro_Mesa-de-trabajo-1-300x172.png 300w, https:\/\/aliciamiranda.com\/wp-content\/uploads\/2025\/10\/Gato-Negro_Mesa-de-trabajo-1-768x439.png 768w, https:\/\/aliciamiranda.com\/wp-content\/uploads\/2025\/10\/Gato-Negro_Mesa-de-trabajo-1-18x10.png 18w, https:\/\/aliciamiranda.com\/wp-content\/uploads\/2025\/10\/Gato-Negro_Mesa-de-trabajo-1.png 1080w\" sizes=\"(max-width: 800px) 100vw, 800px\" \/>\t\t\t\t\t\t\t\t\t\t\t\t\t\t\t<\/div>\n\t\t\t\t<div class=\"elementor-element elementor-element-530021c4 elementor-widget elementor-widget-google_maps\" data-id=\"530021c4\" data-element_type=\"widget\" data-e-type=\"widget\" data-widget_type=\"google_maps.default\">\n\t\t\t\t\t\t\t<div class=\"elementor-custom-embed\">\n\t\t\t<iframe loading=\"lazy\"\n\t\t\t\t\tsrc=\"https:\/\/maps.google.com\/maps?q=terrassa&#038;t=m&#038;z=12&#038;output=embed&#038;iwloc=near\"\n\t\t\t\t\ttitle=\"terrassa\"\n\t\t\t\t\taria-label=\"terrassa\"\n\t\t\t><\/iframe>\n\t\t<\/div>\n\t\t\t\t\t\t<\/div>\n\t\t\t\t<\/div>\n\t\t\t\t<\/div>\n\t\t","protected":false},"excerpt":{"rendered":"<p>Cont\u00e1ctanos Cont\u00e1ctanos para obtener ayuda o hacer comentarios. Nuestro equipo est\u00e1 dedicado a mejorar tu experiencia. tarotaliciamiranda@gmail.com +34 623 983 263 No dudes en hacer una pregunta Completa el formulario y te contactaremos muy pronto.<\/p>","protected":false},"author":1,"featured_media":0,"parent":0,"menu_order":0,"comment_status":"closed","ping_status":"closed","template":"","meta":{"_glsr_average":0,"_glsr_ranking":0,"_glsr_reviews":0,"footnotes":""},"class_list":["post-14","page","type-page","status-publish","hentry"],"yoast_head":"<!-- This site is optimized with the Yoast SEO plugin v27.3 - https:\/\/yoast.com\/product\/yoast-seo-wordpress\/ -->\n<title>Contacto - Alicia Miranda<\/title>\n<meta name=\"robots\" content=\"index, follow, max-snippet:-1, max-image-preview:large, max-video-preview:-1\" \/>\n<link rel=\"canonical\" href=\"https:\/\/aliciamiranda.com\/en\/contacto\/\" \/>\n<meta property=\"og:locale\" content=\"en_GB\" \/>\n<meta property=\"og:type\" content=\"article\" \/>\n<meta property=\"og:title\" content=\"Contacto - Alicia Miranda\" \/>\n<meta property=\"og:description\" content=\"Cont\u00e1ctanos Cont\u00e1ctanos para obtener ayuda o hacer comentarios. Nuestro equipo est\u00e1 dedicado a mejorar tu experiencia. tarotaliciamiranda@gmail.com +34 623 983 263 No dudes en hacer una pregunta Completa el formulario y te contactaremos muy pronto.\" \/>\n<meta property=\"og:url\" content=\"https:\/\/aliciamiranda.com\/en\/contacto\/\" \/>\n<meta property=\"og:site_name\" content=\"Alicia Miranda\" \/>\n<meta property=\"article:modified_time\" content=\"2025-12-30T13:44:23+00:00\" \/>\n<meta property=\"og:image\" content=\"https:\/\/aliciamiranda.com\/wp-content\/uploads\/2025\/10\/logo-2-Alicia-Miranda-Castillo-02.png\" \/>\n\t<meta property=\"og:image:width\" content=\"2206\" \/>\n\t<meta property=\"og:image:height\" content=\"1080\" \/>\n\t<meta property=\"og:image:type\" content=\"image\/png\" \/>\n<meta name=\"twitter:card\" content=\"summary_large_image\" \/>\n<meta name=\"twitter:label1\" content=\"Estimated reading time\" \/>\n\t<meta name=\"twitter:data1\" content=\"1 minute\" \/>\n<script type=\"application\/ld+json\" class=\"yoast-schema-graph\">{\"@context\":\"https:\\\/\\\/schema.org\",\"@graph\":[{\"@type\":\"WebPage\",\"@id\":\"https:\\\/\\\/aliciamiranda.com\\\/contacto\\\/\",\"url\":\"https:\\\/\\\/aliciamiranda.com\\\/contacto\\\/\",\"name\":\"Contacto - Alicia Miranda\",\"isPartOf\":{\"@id\":\"https:\\\/\\\/aliciamiranda.com\\\/#website\"},\"primaryImageOfPage\":{\"@id\":\"https:\\\/\\\/aliciamiranda.com\\\/contacto\\\/#primaryimage\"},\"image\":{\"@id\":\"https:\\\/\\\/aliciamiranda.com\\\/contacto\\\/#primaryimage\"},\"thumbnailUrl\":\"https:\\\/\\\/aliciamiranda.com\\\/wp-content\\\/uploads\\\/2025\\\/10\\\/logo-2-Alicia-Miranda-Castillo-02-1024x501.png\",\"datePublished\":\"2025-10-15T11:40:40+00:00\",\"dateModified\":\"2025-12-30T13:44:23+00:00\",\"breadcrumb\":{\"@id\":\"https:\\\/\\\/aliciamiranda.com\\\/contacto\\\/#breadcrumb\"},\"inLanguage\":\"en-GB\",\"potentialAction\":[{\"@type\":\"ReadAction\",\"target\":[\"https:\\\/\\\/aliciamiranda.com\\\/contacto\\\/\"]}]},{\"@type\":\"ImageObject\",\"inLanguage\":\"en-GB\",\"@id\":\"https:\\\/\\\/aliciamiranda.com\\\/contacto\\\/#primaryimage\",\"url\":\"https:\\\/\\\/aliciamiranda.com\\\/wp-content\\\/uploads\\\/2025\\\/10\\\/logo-2-Alicia-Miranda-Castillo-02-1024x501.png\",\"contentUrl\":\"https:\\\/\\\/aliciamiranda.com\\\/wp-content\\\/uploads\\\/2025\\\/10\\\/logo-2-Alicia-Miranda-Castillo-02-1024x501.png\"},{\"@type\":\"BreadcrumbList\",\"@id\":\"https:\\\/\\\/aliciamiranda.com\\\/contacto\\\/#breadcrumb\",\"itemListElement\":[{\"@type\":\"ListItem\",\"position\":1,\"name\":\"Portada\",\"item\":\"https:\\\/\\\/aliciamiranda.com\\\/\"},{\"@type\":\"ListItem\",\"position\":2,\"name\":\"Contacto\"}]},{\"@type\":\"WebSite\",\"@id\":\"https:\\\/\\\/aliciamiranda.com\\\/#website\",\"url\":\"https:\\\/\\\/aliciamiranda.com\\\/\",\"name\":\"Alicia Miranda\",\"description\":\"\",\"publisher\":{\"@id\":\"https:\\\/\\\/aliciamiranda.com\\\/#organization\"},\"potentialAction\":[{\"@type\":\"SearchAction\",\"target\":{\"@type\":\"EntryPoint\",\"urlTemplate\":\"https:\\\/\\\/aliciamiranda.com\\\/?s={search_term_string}\"},\"query-input\":{\"@type\":\"PropertyValueSpecification\",\"valueRequired\":true,\"valueName\":\"search_term_string\"}}],\"inLanguage\":\"en-GB\"},{\"@type\":\"Organization\",\"@id\":\"https:\\\/\\\/aliciamiranda.com\\\/#organization\",\"name\":\"Alicia Miranda\",\"url\":\"https:\\\/\\\/aliciamiranda.com\\\/\",\"logo\":{\"@type\":\"ImageObject\",\"inLanguage\":\"en-GB\",\"@id\":\"https:\\\/\\\/aliciamiranda.com\\\/#\\\/schema\\\/logo\\\/image\\\/\",\"url\":\"https:\\\/\\\/aliciamiranda.com\\\/wp-content\\\/uploads\\\/2025\\\/10\\\/cropped-logo-2-Alicia-Miranda-Castillo-02.png\",\"contentUrl\":\"https:\\\/\\\/aliciamiranda.com\\\/wp-content\\\/uploads\\\/2025\\\/10\\\/cropped-logo-2-Alicia-Miranda-Castillo-02.png\",\"width\":2205,\"height\":1080,\"caption\":\"Alicia Miranda\"},\"image\":{\"@id\":\"https:\\\/\\\/aliciamiranda.com\\\/#\\\/schema\\\/logo\\\/image\\\/\"}}]}<\/script>\n<!-- \/ Yoast SEO plugin. -->","yoast_head_json":{"title":"Contacto - Alicia Miranda","robots":{"index":"index","follow":"follow","max-snippet":"max-snippet:-1","max-image-preview":"max-image-preview:large","max-video-preview":"max-video-preview:-1"},"canonical":"https:\/\/aliciamiranda.com\/en\/contacto\/","og_locale":"en_GB","og_type":"article","og_title":"Contacto - Alicia Miranda","og_description":"Cont\u00e1ctanos Cont\u00e1ctanos para obtener ayuda o hacer comentarios. Nuestro equipo est\u00e1 dedicado a mejorar tu experiencia. tarotaliciamiranda@gmail.com +34 623 983 263 No dudes en hacer una pregunta Completa el formulario y te contactaremos muy pronto.","og_url":"https:\/\/aliciamiranda.com\/en\/contacto\/","og_site_name":"Alicia Miranda","article_modified_time":"2025-12-30T13:44:23+00:00","og_image":[{"width":2206,"height":1080,"url":"https:\/\/aliciamiranda.com\/wp-content\/uploads\/2025\/10\/logo-2-Alicia-Miranda-Castillo-02.png","type":"image\/png"}],"twitter_card":"summary_large_image","twitter_misc":{"Estimated reading time":"1 minute"},"schema":{"@context":"https:\/\/schema.org","@graph":[{"@type":"WebPage","@id":"https:\/\/aliciamiranda.com\/contacto\/","url":"https:\/\/aliciamiranda.com\/contacto\/","name":"Contacto - Alicia Miranda","isPartOf":{"@id":"https:\/\/aliciamiranda.com\/#website"},"primaryImageOfPage":{"@id":"https:\/\/aliciamiranda.com\/contacto\/#primaryimage"},"image":{"@id":"https:\/\/aliciamiranda.com\/contacto\/#primaryimage"},"thumbnailUrl":"https:\/\/aliciamiranda.com\/wp-content\/uploads\/2025\/10\/logo-2-Alicia-Miranda-Castillo-02-1024x501.png","datePublished":"2025-10-15T11:40:40+00:00","dateModified":"2025-12-30T13:44:23+00:00","breadcrumb":{"@id":"https:\/\/aliciamiranda.com\/contacto\/#breadcrumb"},"inLanguage":"en-GB","potentialAction":[{"@type":"ReadAction","target":["https:\/\/aliciamiranda.com\/contacto\/"]}]},{"@type":"ImageObject","inLanguage":"en-GB","@id":"https:\/\/aliciamiranda.com\/contacto\/#primaryimage","url":"https:\/\/aliciamiranda.com\/wp-content\/uploads\/2025\/10\/logo-2-Alicia-Miranda-Castillo-02-1024x501.png","contentUrl":"https:\/\/aliciamiranda.com\/wp-content\/uploads\/2025\/10\/logo-2-Alicia-Miranda-Castillo-02-1024x501.png"},{"@type":"BreadcrumbList","@id":"https:\/\/aliciamiranda.com\/contacto\/#breadcrumb","itemListElement":[{"@type":"ListItem","position":1,"name":"Portada","item":"https:\/\/aliciamiranda.com\/"},{"@type":"ListItem","position":2,"name":"Contacto"}]},{"@type":"WebSite","@id":"https:\/\/aliciamiranda.com\/#website","url":"https:\/\/aliciamiranda.com\/","name":"Alicia Miranda","description":"","publisher":{"@id":"https:\/\/aliciamiranda.com\/#organization"},"potentialAction":[{"@type":"SearchAction","target":{"@type":"EntryPoint","urlTemplate":"https:\/\/aliciamiranda.com\/?s={search_term_string}"},"query-input":{"@type":"PropertyValueSpecification","valueRequired":true,"valueName":"search_term_string"}}],"inLanguage":"en-GB"},{"@type":"Organization","@id":"https:\/\/aliciamiranda.com\/#organization","name":"Alicia Miranda","url":"https:\/\/aliciamiranda.com\/","logo":{"@type":"ImageObject","inLanguage":"en-GB","@id":"https:\/\/aliciamiranda.com\/#\/schema\/logo\/image\/","url":"https:\/\/aliciamiranda.com\/wp-content\/uploads\/2025\/10\/cropped-logo-2-Alicia-Miranda-Castillo-02.png","contentUrl":"https:\/\/aliciamiranda.com\/wp-content\/uploads\/2025\/10\/cropped-logo-2-Alicia-Miranda-Castillo-02.png","width":2205,"height":1080,"caption":"Alicia Miranda"},"image":{"@id":"https:\/\/aliciamiranda.com\/#\/schema\/logo\/image\/"}}]}},"_links":{"self":[{"href":"https:\/\/aliciamiranda.com\/en\/wp-json\/wp\/v2\/pages\/14","targetHints":{"allow":["GET"]}}],"collection":[{"href":"https:\/\/aliciamiranda.com\/en\/wp-json\/wp\/v2\/pages"}],"about":[{"href":"https:\/\/aliciamiranda.com\/en\/wp-json\/wp\/v2\/types\/page"}],"author":[{"embeddable":true,"href":"https:\/\/aliciamiranda.com\/en\/wp-json\/wp\/v2\/users\/1"}],"replies":[{"embeddable":true,"href":"https:\/\/aliciamiranda.com\/en\/wp-json\/wp\/v2\/comments?post=14"}],"version-history":[{"count":106,"href":"https:\/\/aliciamiranda.com\/en\/wp-json\/wp\/v2\/pages\/14\/revisions"}],"predecessor-version":[{"id":1178,"href":"https:\/\/aliciamiranda.com\/en\/wp-json\/wp\/v2\/pages\/14\/revisions\/1178"}],"wp:attachment":[{"href":"https:\/\/aliciamiranda.com\/en\/wp-json\/wp\/v2\/media?parent=14"}],"curies":[{"name":"wp","href":"https:\/\/api.w.org\/{rel}","templated":true}]}}