{"id":361,"date":"2025-10-29T14:06:58","date_gmt":"2025-10-29T14:06:58","guid":{"rendered":"https:\/\/aliciamiranda.rkinformatika.online\/?page_id=361"},"modified":"2025-12-18T15:19:34","modified_gmt":"2025-12-18T15:19:34","slug":"citas","status":"publish","type":"page","link":"https:\/\/aliciamiranda.com\/en\/citas\/","title":{"rendered":"Citas"},"content":{"rendered":"\t\t<div data-elementor-type=\"wp-page\" data-elementor-id=\"361\" class=\"elementor elementor-361\" data-elementor-post-type=\"page\">\n\t\t\t\t<div class=\"elementor-element elementor-element-db0d6d7 e-flex e-con-boxed e-con e-parent\" data-id=\"db0d6d7\" data-element_type=\"container\" data-e-type=\"container\" data-settings=\"{&quot;background_background&quot;:&quot;classic&quot;}\">\n\t\t\t\t\t<div class=\"e-con-inner\">\n\t\t\t\t\t<\/div>\n\t\t\t\t<\/div>\n\t\t<div class=\"elementor-element elementor-element-61d6eb4 e-con-full e-flex e-con e-parent\" data-id=\"61d6eb4\" data-element_type=\"container\" data-e-type=\"container\">\n\t\t\t\t<div class=\"elementor-element elementor-element-79efdd0 elementor-widget elementor-widget-heading\" data-id=\"79efdd0\" data-element_type=\"widget\" data-e-type=\"widget\" data-widget_type=\"heading.default\">\n\t\t\t\t\t<h2 class=\"elementor-heading-title elementor-size-default\">\ud83e\ude84 C\u00f3mo reservar tu consulta de Tarot y Videncia<\/h2>\t\t\t\t<\/div>\n\t\t\t\t<div class=\"elementor-element elementor-element-f6049ea elementor-widget elementor-widget-text-editor\" data-id=\"f6049ea\" data-element_type=\"widget\" data-e-type=\"widget\" data-widget_type=\"text-editor.default\">\n\t\t\t\t\t\t\t\t\t<div class=\"rich-text__text rte\"><h4 data-start=\"115\" data-end=\"161\">\ud83c\udf1f Perm\u00edteme acompa\u00f1arte en tu camino \ud83c\udf1f<\/h4><p data-start=\"163\" data-end=\"349\">D\u00e9jame orientarte en tu recorrido vital, hasta donde mis gu\u00edas de luz me lo permitan.<br data-start=\"248\" data-end=\"251\" \/>Reserva tu consulta completamente confidencial siguiendo los pasos que te indico a continuaci\u00f3n.<\/p><\/div>\t\t\t\t\t\t\t\t<\/div>\n\t\t\t\t<div class=\"elementor-element elementor-element-ab104b3 elementor-widget-divider--view-line elementor-widget elementor-widget-divider\" data-id=\"ab104b3\" data-element_type=\"widget\" data-e-type=\"widget\" data-widget_type=\"divider.default\">\n\t\t\t\t\t\t\t<div class=\"elementor-divider\">\n\t\t\t<span class=\"elementor-divider-separator\">\n\t\t\t\t\t\t<\/span>\n\t\t<\/div>\n\t\t\t\t\t\t<\/div>\n\t\t\t\t<\/div>\n\t\t<div class=\"elementor-element elementor-element-1fe20f5 e-flex e-con-boxed e-con e-parent\" data-id=\"1fe20f5\" data-element_type=\"container\" data-e-type=\"container\">\n\t\t\t\t\t<div class=\"e-con-inner\">\n\t\t<div class=\"elementor-element elementor-element-bc48ede e-con-full e-flex e-con e-child\" data-id=\"bc48ede\" data-element_type=\"container\" data-e-type=\"container\">\n\t\t\t\t<div class=\"elementor-element elementor-element-d4590c3 elementor-widget elementor-widget-text-editor\" data-id=\"d4590c3\" data-element_type=\"widget\" data-e-type=\"widget\" data-widget_type=\"text-editor.default\">\n\t\t\t\t\t\t\t\t\t<ol data-start=\"190\" data-end=\"1078\"><li data-start=\"190\" data-end=\"302\"><p data-start=\"193\" data-end=\"302\"><strong>Elige el servicio deseado<\/strong><br data-start=\"223\" data-end=\"226\" \/>Selecciona el tipo de lectura de Tarot o videncia que deseas recibir.<\/p><\/li><li data-start=\"304\" data-end=\"478\"><p data-start=\"307\" data-end=\"478\"><strong>Define fecha y horario<\/strong><br data-start=\"332\" data-end=\"335\" \/>Elige la fecha y la hora que mejor te convengan. No te preocupes por los husos horarios: la hora mostrada corresponde a la hora local de tu regi\u00f3n.<\/p><\/li><li data-start=\"480\" data-end=\"617\"><p data-start=\"483\" data-end=\"617\"><strong>Rellena tus datos correctamente<\/strong><br \/>Completa el formulario con tu informaci\u00f3n personal y aseg\u00farate de que est\u00e9 correcta.<\/p><\/li><li data-start=\"619\" data-end=\"739\"><p data-start=\"622\" data-end=\"739\"><strong>Realiza el pago de forma segura<\/strong><br data-start=\"658\" data-end=\"661\" \/>Efect\u00faa el pago siguiendo nuestras condiciones de reserva de manera segura.<\/p><\/li><li data-start=\"741\" data-end=\"932\"><p data-start=\"744\" data-end=\"932\"><strong>Confirmaci\u00f3n de la reserva<\/strong><br data-start=\"770\" data-end=\"773\" \/>Recibir\u00e1s un correo electr\u00f3nico confirmando tu reserva y el pago. Si no llega a tu bandeja de entrada, revisa la carpeta de spam o ponte en contacto con nosotros.<\/p><\/li><li data-start=\"934\" data-end=\"1078\"><p data-start=\"937\" data-end=\"1078\"><strong>Organiza tu agenda<\/strong><br \/>A\u00f1ade la reserva a tu agenda y, 1 hora antes de la consulta, env\u00edame un WhatsApp para confirmar tu presencia.<\/p><\/li><\/ol>\t\t\t\t\t\t\t\t<\/div>\n\t\t\t\t<\/div>\n\t\t<div class=\"elementor-element elementor-element-0d48fb5 e-con-full e-flex e-con e-child\" data-id=\"0d48fb5\" data-element_type=\"container\" data-e-type=\"container\">\n\t\t\t\t<div class=\"elementor-element elementor-element-6394e54 elementor-widget elementor-widget-shortcode\" data-id=\"6394e54\" data-element_type=\"widget\" data-e-type=\"widget\" data-widget_type=\"shortcode.default\">\n\t\t\t\t\t\t\t<div class=\"elementor-shortcode\"><!--\nPlugin Name: Bookly - Responsive WordPress Appointment Booking and Scheduling Plugin\nPlugin URI: https:\/\/www.booking-wp-plugin.com\/?utm_source=bookly_admin&utm_medium=plugins_page&utm_campaign=plugins_page\nVersion: 27.3-->\n<style type=\"text\/css\">\n    :root {\n        --bookly-main-color: #693dae !important;\n        --bookly-color: #693dae !important;\n    }\n\n        \/* ===============================\n   Bookly Free v25.7\n   Ocultar Categoria e Empleado (Staff)\n   =============================== *\/\n\n\/* Esconde o grupo de Categoria *\/\n.bookly-form-group[data-type=\"category\"] {\n  display: none !important;\n  visibility: hidden !important;\n  height: 0 !important;\n  margin: 0 !important;\n  padding: 0 !important;\n  overflow: hidden !important;\n}\n\n\/* Esconde o grupo de Empleado *\/\n.bookly-form-group[data-type=\"staff\"] {\n  display: none !important;\n  visibility: hidden !important;\n  height: 0 !important;\n  margin: 0 !important;\n  padding: 0 !important;\n  overflow: hidden !important;\n}\n\n\/* Ajusta espa\u00e7amento pra n\u00e3o deixar buracos *\/\n.bookly-form-group[data-type=\"service\"] {\n  margin-top: 0 !important;\n}\n\n\/* ===============================\n   Ocultar campos de data, dias e hor\u00e1rio\n   =============================== *\/\n\n\/* Campo \u201cDisponible el o despu\u00e9s de\u201d *\/\n.bookly-form-group input.bookly-date-from,\n.bookly-form-group label[for*=\"available-after\"] {\n    display: none !important;\n    visibility: hidden !important;\n    height: 0 !important;\n    margin: 0 !important;\n    padding: 0 !important;\n    overflow: hidden !important;\n}\n\n\/* Campos de dias da semana *\/\n.bookly-week-days,\n.bookly-form-group input[id*=\"week-day\"],\n.bookly-form-group label[class*=\"col-label\"] {\n    display: none !important;\n    visibility: hidden !important;\n    height: 0 !important;\n    margin: 0 !important;\n    padding: 0 !important;\n    overflow: hidden !important;\n}\n\n\/* Campos \u201cIniciar desde\u201d e \u201cFinalizar por\u201d *\/\n.bookly-form-group.bookly-time-from,\n.bookly-form-group.bookly-time-to,\n.bookly-form-group label[for*=\"from\"],\n.bookly-form-group label[for*=\"to\"] {\n    display: none !important;\n    visibility: hidden !important;\n    height: 0 !important;\n    margin: 0 !important;\n    padding: 0 !important;\n    overflow: hidden !important;\n}\n\n\/* Ajuste de espa\u00e7amento para o formul\u00e1rio *\/\n.bookly-form-group {\n    margin-bottom: 8px !important;\n}\n\n\/* Esconde o texto original \"Pagar\u00e9 localmente\" *\/\n.bookly-js-payment-list span[data-original-title=\"Pagar\u00e9 localmente\"] {\n    display: none;\n}    <\/style><div class=\"bookly-css-root\">\n    <div id=\"bookly-form-container-69e134554b3ba\" class=\"bookly-form\" data-form_id=\"\" aria-live=\"polite\">\n        <div style=\"text-align: center\"><img decoding=\"async\" src=\"https:\/\/aliciamiranda.com\/wp-includes\/js\/tinymce\/skins\/lightgray\/img\/loader.gif\" alt=\"Loading...\"\/><\/div>\n    <\/div>\n<\/div>\n<script type=\"text\/javascript\">\n    (function (win, fn) {\n        var done = false, top = true,\n            doc = win.document,\n            root = doc.documentElement,\n            modern = doc.addEventListener,\n            add = modern ? 'addEventListener' : 'attachEvent',\n            rem = modern ? 'removeEventListener' : 'detachEvent',\n            pre = modern ? '' : 'on',\n            init = function (e) {\n                if (e.type == 'readystatechange') if (doc.readyState != 'complete') return;\n                (e.type == 'load' ? win : doc)[rem](pre + e.type, init, false);\n                if (!done) {\n                    done = true;\n                    fn.call(win, e.type || e);\n                }\n            },\n            poll = function () {\n                try {\n                    root.doScroll('left');\n                } catch (e) {\n                    setTimeout(poll, 50);\n                    return;\n                }\n                init('poll');\n            };\n        if (doc.readyState == 'complete') fn.call(win, 'lazy');\n        else {\n            if (!modern) if (root.doScroll) {\n                try {\n                    top = !win.frameElement;\n                } catch (e) {\n                }\n                if (top) poll();\n            }\n            doc[add](pre + 'DOMContentLoaded', init, false);\n            doc[add](pre + 'readystatechange', init, false);\n            win[add](pre + 'load', init, false);\n        }\n    })(window, function () {\n        window.bookly( {\"form_id\":\"69e134554b3ba\",\"form_data\":{\"skip_service_step\":0,\"hide_service_part1\":0,\"hide_service_part2\":0,\"defaults\":{\"service_id\":0,\"staff_id\":0,\"location_id\":0,\"category_id\":0,\"units\":0,\"date_from\":0,\"time_from\":0,\"time_to\":0}},\"status\":{\"booking\":\"new\"},\"form_token\":null,\"skip_steps\":{\"service_part1\":0,\"service_part2\":0,\"extras\":1,\"time\":0,\"repeat\":1,\"cart\":1},\"errors\":{\"session_error\":\"Session error.\",\"form_id_error\":\"Form ID error.\",\"cart_item_not_available\":\"La hora seleccionada ya no est\\u00e1 disponible. Por favor elije otra ranura de hora.\",\"pay_locally_not_available\":\"Pay locally is not available.\",\"invalid_gateway\":\"Invalid gateway.\",\"payment_error\":\"Error.\",\"incorrect_username_password\":\"Incorrect username or password.\"},\"form_attributes\":{\"hide_categories\":false,\"hide_services\":false,\"hide_staff_members\":false,\"show_number_of_persons\":false,\"hide_service_duration\":true,\"hide_locations\":true,\"hide_quantity\":true,\"hide_date\":false,\"hide_week_days\":false,\"hide_time_range\":false},\"use_client_time_zone\":1,\"defaults\":{\"service_id\":0,\"staff_id\":0,\"location_id\":0,\"category_id\":0},\"datepicker_mode\":\"text-accent\",\"facebook\":{\"enabled\":1,\"appId\":\"\"}} );\n    });\n<\/script><\/div>\n\t\t\t\t\t\t<\/div>\n\t\t\t\t<\/div>\n\t\t\t\t\t<\/div>\n\t\t\t\t<\/div>\n\t\t<div class=\"elementor-element elementor-element-0e3ba58 e-flex e-con-boxed e-con e-parent\" data-id=\"0e3ba58\" data-element_type=\"container\" data-e-type=\"container\">\n\t\t\t\t\t<div class=\"e-con-inner\">\n\t\t\t\t<div class=\"elementor-element elementor-element-44c57dc elementor-widget elementor-widget-text-editor\" data-id=\"44c57dc\" data-element_type=\"widget\" data-e-type=\"widget\" data-widget_type=\"text-editor.default\">\n\t\t\t\t\t\t\t\t\t<p data-start=\"193\" data-end=\"302\"><strong><h4>\ud83d\udd2eATENCI\u00d3N <\/strong><\/h4>\nLas cancelaciones deben realizarse con un <strong data-start=\"134\" data-end=\"170\">m\u00ednimo de 24 horas de antelaci\u00f3n<\/strong> para que se pueda efectuar la <strong data-start=\"201\" data-end=\"226\">devoluci\u00f3n del dinero<\/strong>.<\/p>\t\t\t\t\t\t\t\t<\/div>\n\t\t\t\t\t<\/div>\n\t\t\t\t<\/div>\n\t\t\t\t<\/div>\n\t\t","protected":false},"excerpt":{"rendered":"<p>\ud83e\ude84 C\u00f3mo reservar tu consulta de Tarot y Videncia \ud83c\udf1f Perm\u00edteme acompa\u00f1arte en tu camino \ud83c\udf1f D\u00e9jame orientarte en tu recorrido vital, hasta donde mis gu\u00edas de luz me lo permitan.Reserva tu consulta completamente confidencial siguiendo los pasos que te indico a continuaci\u00f3n. Elige el servicio deseadoSelecciona el tipo de lectura de Tarot o videncia [&hellip;]<\/p>\n","protected":false},"author":1,"featured_media":0,"parent":0,"menu_order":0,"comment_status":"closed","ping_status":"closed","template":"","meta":{"_glsr_average":0,"_glsr_ranking":0,"_glsr_reviews":0,"footnotes":""},"class_list":["post-361","page","type-page","status-publish","hentry"],"yoast_head":"<!-- This site is optimized with the Yoast SEO plugin v27.3 - https:\/\/yoast.com\/product\/yoast-seo-wordpress\/ -->\n<title>Citas - Alicia Miranda<\/title>\n<meta name=\"robots\" content=\"index, follow, max-snippet:-1, max-image-preview:large, max-video-preview:-1\" \/>\n<link rel=\"canonical\" href=\"https:\/\/aliciamiranda.com\/en\/citas\/\" \/>\n<meta property=\"og:locale\" content=\"en_GB\" \/>\n<meta property=\"og:type\" content=\"article\" \/>\n<meta property=\"og:title\" content=\"Citas - Alicia Miranda\" \/>\n<meta property=\"og:description\" content=\"\ud83e\ude84 C\u00f3mo reservar tu consulta de Tarot y Videncia \ud83c\udf1f Perm\u00edteme acompa\u00f1arte en tu camino \ud83c\udf1f D\u00e9jame orientarte en tu recorrido vital, hasta donde mis gu\u00edas de luz me lo permitan.Reserva tu consulta completamente confidencial siguiendo los pasos que te indico a continuaci\u00f3n. Elige el servicio deseadoSelecciona el tipo de lectura de Tarot o videncia [&hellip;]\" \/>\n<meta property=\"og:url\" content=\"https:\/\/aliciamiranda.com\/en\/citas\/\" \/>\n<meta property=\"og:site_name\" content=\"Alicia Miranda\" \/>\n<meta property=\"article:modified_time\" content=\"2025-12-18T15:19:34+00:00\" \/>\n<meta name=\"twitter:card\" content=\"summary_large_image\" \/>\n<meta name=\"twitter:label1\" content=\"Estimated reading time\" \/>\n\t<meta name=\"twitter:data1\" content=\"1 minute\" \/>\n<script type=\"application\/ld+json\" class=\"yoast-schema-graph\">{\"@context\":\"https:\\\/\\\/schema.org\",\"@graph\":[{\"@type\":\"WebPage\",\"@id\":\"https:\\\/\\\/aliciamiranda.com\\\/citas\\\/\",\"url\":\"https:\\\/\\\/aliciamiranda.com\\\/citas\\\/\",\"name\":\"Citas - Alicia Miranda\",\"isPartOf\":{\"@id\":\"https:\\\/\\\/aliciamiranda.com\\\/#website\"},\"datePublished\":\"2025-10-29T14:06:58+00:00\",\"dateModified\":\"2025-12-18T15:19:34+00:00\",\"breadcrumb\":{\"@id\":\"https:\\\/\\\/aliciamiranda.com\\\/citas\\\/#breadcrumb\"},\"inLanguage\":\"en-GB\",\"potentialAction\":[{\"@type\":\"ReadAction\",\"target\":[\"https:\\\/\\\/aliciamiranda.com\\\/citas\\\/\"]}]},{\"@type\":\"BreadcrumbList\",\"@id\":\"https:\\\/\\\/aliciamiranda.com\\\/citas\\\/#breadcrumb\",\"itemListElement\":[{\"@type\":\"ListItem\",\"position\":1,\"name\":\"Portada\",\"item\":\"https:\\\/\\\/aliciamiranda.com\\\/\"},{\"@type\":\"ListItem\",\"position\":2,\"name\":\"Citas\"}]},{\"@type\":\"WebSite\",\"@id\":\"https:\\\/\\\/aliciamiranda.com\\\/#website\",\"url\":\"https:\\\/\\\/aliciamiranda.com\\\/\",\"name\":\"Alicia Miranda\",\"description\":\"\",\"publisher\":{\"@id\":\"https:\\\/\\\/aliciamiranda.com\\\/#organization\"},\"potentialAction\":[{\"@type\":\"SearchAction\",\"target\":{\"@type\":\"EntryPoint\",\"urlTemplate\":\"https:\\\/\\\/aliciamiranda.com\\\/?s={search_term_string}\"},\"query-input\":{\"@type\":\"PropertyValueSpecification\",\"valueRequired\":true,\"valueName\":\"search_term_string\"}}],\"inLanguage\":\"en-GB\"},{\"@type\":\"Organization\",\"@id\":\"https:\\\/\\\/aliciamiranda.com\\\/#organization\",\"name\":\"Alicia Miranda\",\"url\":\"https:\\\/\\\/aliciamiranda.com\\\/\",\"logo\":{\"@type\":\"ImageObject\",\"inLanguage\":\"en-GB\",\"@id\":\"https:\\\/\\\/aliciamiranda.com\\\/#\\\/schema\\\/logo\\\/image\\\/\",\"url\":\"https:\\\/\\\/aliciamiranda.com\\\/wp-content\\\/uploads\\\/2025\\\/10\\\/cropped-logo-2-Alicia-Miranda-Castillo-02.png\",\"contentUrl\":\"https:\\\/\\\/aliciamiranda.com\\\/wp-content\\\/uploads\\\/2025\\\/10\\\/cropped-logo-2-Alicia-Miranda-Castillo-02.png\",\"width\":2205,\"height\":1080,\"caption\":\"Alicia Miranda\"},\"image\":{\"@id\":\"https:\\\/\\\/aliciamiranda.com\\\/#\\\/schema\\\/logo\\\/image\\\/\"}}]}<\/script>\n<!-- \/ Yoast SEO plugin. -->","yoast_head_json":{"title":"Citas - Alicia Miranda","robots":{"index":"index","follow":"follow","max-snippet":"max-snippet:-1","max-image-preview":"max-image-preview:large","max-video-preview":"max-video-preview:-1"},"canonical":"https:\/\/aliciamiranda.com\/en\/citas\/","og_locale":"en_GB","og_type":"article","og_title":"Citas - Alicia Miranda","og_description":"\ud83e\ude84 C\u00f3mo reservar tu consulta de Tarot y Videncia \ud83c\udf1f Perm\u00edteme acompa\u00f1arte en tu camino \ud83c\udf1f D\u00e9jame orientarte en tu recorrido vital, hasta donde mis gu\u00edas de luz me lo permitan.Reserva tu consulta completamente confidencial siguiendo los pasos que te indico a continuaci\u00f3n. Elige el servicio deseadoSelecciona el tipo de lectura de Tarot o videncia [&hellip;]","og_url":"https:\/\/aliciamiranda.com\/en\/citas\/","og_site_name":"Alicia Miranda","article_modified_time":"2025-12-18T15:19:34+00:00","twitter_card":"summary_large_image","twitter_misc":{"Estimated reading time":"1 minute"},"schema":{"@context":"https:\/\/schema.org","@graph":[{"@type":"WebPage","@id":"https:\/\/aliciamiranda.com\/citas\/","url":"https:\/\/aliciamiranda.com\/citas\/","name":"Citas - Alicia Miranda","isPartOf":{"@id":"https:\/\/aliciamiranda.com\/#website"},"datePublished":"2025-10-29T14:06:58+00:00","dateModified":"2025-12-18T15:19:34+00:00","breadcrumb":{"@id":"https:\/\/aliciamiranda.com\/citas\/#breadcrumb"},"inLanguage":"en-GB","potentialAction":[{"@type":"ReadAction","target":["https:\/\/aliciamiranda.com\/citas\/"]}]},{"@type":"BreadcrumbList","@id":"https:\/\/aliciamiranda.com\/citas\/#breadcrumb","itemListElement":[{"@type":"ListItem","position":1,"name":"Portada","item":"https:\/\/aliciamiranda.com\/"},{"@type":"ListItem","position":2,"name":"Citas"}]},{"@type":"WebSite","@id":"https:\/\/aliciamiranda.com\/#website","url":"https:\/\/aliciamiranda.com\/","name":"Alicia Miranda","description":"","publisher":{"@id":"https:\/\/aliciamiranda.com\/#organization"},"potentialAction":[{"@type":"SearchAction","target":{"@type":"EntryPoint","urlTemplate":"https:\/\/aliciamiranda.com\/?s={search_term_string}"},"query-input":{"@type":"PropertyValueSpecification","valueRequired":true,"valueName":"search_term_string"}}],"inLanguage":"en-GB"},{"@type":"Organization","@id":"https:\/\/aliciamiranda.com\/#organization","name":"Alicia Miranda","url":"https:\/\/aliciamiranda.com\/","logo":{"@type":"ImageObject","inLanguage":"en-GB","@id":"https:\/\/aliciamiranda.com\/#\/schema\/logo\/image\/","url":"https:\/\/aliciamiranda.com\/wp-content\/uploads\/2025\/10\/cropped-logo-2-Alicia-Miranda-Castillo-02.png","contentUrl":"https:\/\/aliciamiranda.com\/wp-content\/uploads\/2025\/10\/cropped-logo-2-Alicia-Miranda-Castillo-02.png","width":2205,"height":1080,"caption":"Alicia Miranda"},"image":{"@id":"https:\/\/aliciamiranda.com\/#\/schema\/logo\/image\/"}}]}},"_links":{"self":[{"href":"https:\/\/aliciamiranda.com\/en\/wp-json\/wp\/v2\/pages\/361","targetHints":{"allow":["GET"]}}],"collection":[{"href":"https:\/\/aliciamiranda.com\/en\/wp-json\/wp\/v2\/pages"}],"about":[{"href":"https:\/\/aliciamiranda.com\/en\/wp-json\/wp\/v2\/types\/page"}],"author":[{"embeddable":true,"href":"https:\/\/aliciamiranda.com\/en\/wp-json\/wp\/v2\/users\/1"}],"replies":[{"embeddable":true,"href":"https:\/\/aliciamiranda.com\/en\/wp-json\/wp\/v2\/comments?post=361"}],"version-history":[{"count":169,"href":"https:\/\/aliciamiranda.com\/en\/wp-json\/wp\/v2\/pages\/361\/revisions"}],"predecessor-version":[{"id":1118,"href":"https:\/\/aliciamiranda.com\/en\/wp-json\/wp\/v2\/pages\/361\/revisions\/1118"}],"wp:attachment":[{"href":"https:\/\/aliciamiranda.com\/en\/wp-json\/wp\/v2\/media?parent=361"}],"curies":[{"name":"wp","href":"https:\/\/api.w.org\/{rel}","templated":true}]}}