{"id":553,"date":"2025-11-12T15:41:56","date_gmt":"2025-11-12T15:41:56","guid":{"rendered":"https:\/\/aliciamiranda.rkinformatika.online\/?page_id=553"},"modified":"2025-11-27T14:07:30","modified_gmt":"2025-11-27T14:07:30","slug":"resena","status":"publish","type":"page","link":"https:\/\/aliciamiranda.com\/en\/resena\/","title":{"rendered":"Rese\u00f1a"},"content":{"rendered":"\t\t<div data-elementor-type=\"wp-page\" data-elementor-id=\"553\" class=\"elementor elementor-553\" data-elementor-post-type=\"page\">\n\t\t\t\t<div class=\"elementor-element elementor-element-ea9ba90 e-con-full e-flex e-con e-parent\" data-id=\"ea9ba90\" data-element_type=\"container\" data-e-type=\"container\" data-settings=\"{&quot;background_background&quot;:&quot;classic&quot;}\">\n\t\t\t\t<\/div>\n\t\t<div class=\"elementor-element elementor-element-286e7c5 e-flex e-con-boxed e-con e-parent\" data-id=\"286e7c5\" data-element_type=\"container\" data-e-type=\"container\">\n\t\t\t\t\t<div class=\"e-con-inner\">\n\t\t\t\t<div class=\"elementor-element elementor-element-d1cfb3c elementor-widget elementor-widget-image\" data-id=\"d1cfb3c\" data-element_type=\"widget\" data-e-type=\"widget\" data-widget_type=\"image.default\">\n\t\t\t\t\t\t\t\t\t\t\t\t\t\t\t<img fetchpriority=\"high\" decoding=\"async\" width=\"800\" height=\"458\" src=\"https:\/\/aliciamiranda.com\/wp-content\/uploads\/2025\/10\/Gato-Negro_Mesa-de-trabajo-1-1024x586.png\" class=\"attachment-large size-large wp-image-175\" alt=\"\" srcset=\"https:\/\/aliciamiranda.com\/wp-content\/uploads\/2025\/10\/Gato-Negro_Mesa-de-trabajo-1-1024x586.png 1024w, https:\/\/aliciamiranda.com\/wp-content\/uploads\/2025\/10\/Gato-Negro_Mesa-de-trabajo-1-300x172.png 300w, https:\/\/aliciamiranda.com\/wp-content\/uploads\/2025\/10\/Gato-Negro_Mesa-de-trabajo-1-768x439.png 768w, https:\/\/aliciamiranda.com\/wp-content\/uploads\/2025\/10\/Gato-Negro_Mesa-de-trabajo-1-18x10.png 18w, https:\/\/aliciamiranda.com\/wp-content\/uploads\/2025\/10\/Gato-Negro_Mesa-de-trabajo-1.png 1080w\" sizes=\"(max-width: 800px) 100vw, 800px\" \/>\t\t\t\t\t\t\t\t\t\t\t\t\t\t\t<\/div>\n\t\t\t\t\t<\/div>\n\t\t\t\t<\/div>\n\t\t<div class=\"elementor-element elementor-element-5c73dbb e-flex e-con-boxed e-con e-parent\" data-id=\"5c73dbb\" data-element_type=\"container\" data-e-type=\"container\" data-settings=\"{&quot;background_background&quot;:&quot;classic&quot;}\">\n\t\t\t\t\t<div class=\"e-con-inner\">\n\t\t\t\t<div class=\"elementor-element elementor-element-73f3e52 elementor-widget elementor-widget-heading\" data-id=\"73f3e52\" data-element_type=\"widget\" data-e-type=\"widget\" data-widget_type=\"heading.default\">\n\t\t\t\t\t<h2 class=\"elementor-heading-title elementor-size-default\">\u201c\u00a1Deja aqu\u00ed tu rese\u00f1a y cu\u00e9ntanos tu experiencia!\u201d<\/h2>\t\t\t\t<\/div>\n\t\t\t\t<div class=\"elementor-element elementor-element-93b1f53 elementor-widget__width-initial mis-resenas elementor-widget elementor-widget-shortcode\" data-id=\"93b1f53\" data-element_type=\"widget\" data-e-type=\"widget\" data-widget_type=\"shortcode.default\">\n\t\t\t\t\t\t\t<div class=\"elementor-shortcode\"><div class=\"shortcode-site-reviews-form\"><div class=\"glsr glsr-default\" id=\"glsr_rvxxuxlc\" data-from=\"shortcode\" data-shortcode=\"site_reviews_form\"><div class=\"glsr-form-wrap\">\n    <form class=\"glsr-form glsr-review-form\" method=\"post\" enctype=\"multipart\/form-data\">\n        <input type=\"hidden\" name=\"site-reviews[_action]\" value=\"submit-review\" \/>\n<input type=\"hidden\" name=\"site-reviews[_nonce]\" value=\"c73e089d0d\" \/>\n<input type=\"hidden\" name=\"site-reviews[_post_id]\" value=\"553\" \/>\n<input type=\"hidden\" name=\"site-reviews[_referer]\" value=\"\" \/>\n<input type=\"hidden\" name=\"site-reviews[assigned_posts]\" value=\"\" \/>\n<input type=\"hidden\" name=\"site-reviews[assigned_terms]\" value=\"\" \/>\n<input type=\"hidden\" name=\"site-reviews[assigned_users]\" value=\"\" \/>\n<input type=\"hidden\" name=\"site-reviews[excluded]\" value=\"\" \/>\n<input type=\"hidden\" name=\"site-reviews[form_id]\" value=\"glsr_rvxxuxlc\" \/>\n<input type=\"hidden\" name=\"site-reviews[form_signature]\" value=\"Q0o8ROdVd9aVJHxEj9MdwggacSwLRCQTDsECEoO1gMSRu_JxNLolQLSGV9u942iJ3S0rX_cpLkJfAqQoXoh-xKrjT9cuC_6yducMEdfpIl8vLpqM9NtyHv7BgJrvc3lXbW4APGWBknfufiB3c_GFEllKBJNg6G0exGSqjZS7YLqwN7ilgNW_X2ZashKTgIJLXU_a37vativ2S-Pvr9YLNFfJJZ_wE-hyLWo3C9jcfWjOgWKLLEApJEJ8WBcFbY9QbpONP798pomuajbaraY8GJWTWuAclTvriUIw83ofJZFQXT3L3B_7Qa_czx6HYAFqNmkzdZ2nKt-zHCNfFK_xRX_hoQ9iyyjMrUAiSpnUEXTOFn_fwauzXcTD7H2mMc6icLdLZ83d8uaneuwwWhmt-ZsuuTMTyNC0ApzhpvuXZHDRyNuIiqGdmU5dZw\" \/>\n<input type=\"hidden\" name=\"site-reviews[terms_exist]\" value=\"1\" \/>\n<div class=\"glsr-field\" style=\"display:none;\"><label for=\"site-reviews-358f3904-glsr_rvxxuxlc\">Your review<\/label><input type=\"text\" class=\"glsr-input glsr-input-text\" id=\"site-reviews-358f3904-glsr_rvxxuxlc\" name=\"site-reviews[358f3904]\" value=\"\" \/><\/div>\n<div class=\"glsr-field glsr-field-rating glsr-required\" data-field=\"rating\" data-type=\"rating\">\n    <label class=\"glsr-label\" for=\"glsr_rvxxuxlc-rating\">\n    <span>Your overall rating<\/span>\n<\/label>\n    <select class=\"browser-default disable-select glsr-select no-wrap no_wrap\" id=\"glsr_rvxxuxlc-rating\" name=\"site-reviews[rating]\" required><option value=\"\">Select a Rating<\/option><option value=\"5\">5 Stars<\/option><option value=\"4\">4 Stars<\/option><option value=\"3\">3 Stars<\/option><option value=\"2\">2 Stars<\/option><option value=\"1\">1 Star<\/option><\/select>\n    <div class=\"glsr-field-error\"><\/div>\n<\/div>\n<div class=\"glsr-field glsr-field-text glsr-required\" data-field=\"title\" data-type=\"text\">\n    <label class=\"glsr-label\" for=\"glsr_rvxxuxlc-title\">\n    <span>Title of your review<\/span>\n<\/label>\n    <input type=\"text\" class=\"glsr-input glsr-input-text\" id=\"glsr_rvxxuxlc-title\" name=\"site-reviews[title]\" required placeholder=\"Summarize your review or highlight an interesting detail\" value=\"\" \/>\n    <div class=\"glsr-field-error\"><\/div>\n<\/div>\n<div class=\"glsr-field glsr-field-textarea glsr-required\" data-field=\"content\" data-type=\"textarea\">\n    <label class=\"glsr-label\" for=\"glsr_rvxxuxlc-content\">\n    <span>Your review<\/span>\n<\/label>\n    <textarea class=\"glsr-textarea\" id=\"glsr_rvxxuxlc-content\" name=\"site-reviews[content]\" required placeholder=\"Tell people your review\" rows=\"5\"><\/textarea>\n    <div class=\"glsr-field-error\"><\/div>\n<\/div>\n<div class=\"glsr-field glsr-field-text glsr-required\" data-field=\"name\" data-type=\"text\">\n    <label class=\"glsr-label\" for=\"glsr_rvxxuxlc-name\">\n    <span>Your name<\/span>\n<\/label>\n    <input type=\"text\" class=\"glsr-input glsr-input-text\" id=\"glsr_rvxxuxlc-name\" name=\"site-reviews[name]\" required placeholder=\"Tell us your name\" value=\"\" \/>\n    <div class=\"glsr-field-error\"><\/div>\n<\/div>\n<div class=\"glsr-field glsr-field-email glsr-required\" data-field=\"email\" data-type=\"email\">\n    <label class=\"glsr-label\" for=\"glsr_rvxxuxlc-email\">\n    <span>Your email<\/span>\n<\/label>\n    <input type=\"email\" class=\"glsr-input glsr-input-email\" id=\"glsr_rvxxuxlc-email\" name=\"site-reviews[email]\" required placeholder=\"Tell us your email\" value=\"\" \/>\n    <div class=\"glsr-field-error\"><\/div>\n<\/div>\n<div class=\"glsr-field glsr-field-choice glsr-required\" data-field=\"terms\" data-type=\"toggle\">\n    \n    <div class=\"glsr-field-subgroup\">\n        <span class=\"glsr-field-toggle\">\n    <span>\n        <span class=\"glsr-toggle\"><input type=\"checkbox\" class=\"glsr-input-toggle\" id=\"glsr_rvxxuxlc-terms-1\" name=\"site-reviews[terms]\" required value=\"1\" \/><span class=\"glsr-toggle-track\"><\/span><\/span>\n    <\/span>\n    <label for=\"glsr_rvxxuxlc-terms-1\">This review is based on my own experience and is my genuine opinion.<\/label>\n<\/span>\n    <\/div>\n    <div class=\"glsr-field-error\"><\/div>\n<\/div>\n        <div class=\"glsr-form-message\">\n    \n<\/div>\n        <div data-field=\"submit-button\">\n    <div class=\"wp-block-buttons is-layout-flex\">\n        <div class=\"wp-block-button\">\n            <button type=\"submit\" class=\"glsr-button wp-block-button__link wp-element-button\" aria-busy=\"false\" data-loading=\"Submitting, please wait...\">Submit Review<\/button>\n        <\/div>\n    <\/div>\n<\/div>\n    <\/form>\n<\/div><\/div><\/div><\/div>\n\t\t\t\t\t\t<\/div>\n\t\t\t\t\t<\/div>\n\t\t\t\t<\/div>\n\t\t\t\t<\/div>\n\t\t","protected":false},"excerpt":{"rendered":"<p>\u201c\u00a1Deja aqu\u00ed tu rese\u00f1a y cu\u00e9ntanos tu experiencia!\u201d<\/p>","protected":false},"author":1,"featured_media":0,"parent":0,"menu_order":0,"comment_status":"closed","ping_status":"closed","template":"","meta":{"_glsr_average":0,"_glsr_ranking":0,"_glsr_reviews":0,"footnotes":""},"class_list":["post-553","page","type-page","status-publish","hentry"],"yoast_head":"<!-- This site is optimized with the Yoast SEO plugin v27.3 - https:\/\/yoast.com\/product\/yoast-seo-wordpress\/ -->\n<title>Rese\u00f1a - Alicia Miranda<\/title>\n<meta name=\"robots\" content=\"index, follow, max-snippet:-1, max-image-preview:large, max-video-preview:-1\" \/>\n<link rel=\"canonical\" href=\"https:\/\/aliciamiranda.com\/en\/resena\/\" \/>\n<meta property=\"og:locale\" content=\"en_GB\" \/>\n<meta property=\"og:type\" content=\"article\" \/>\n<meta property=\"og:title\" content=\"Rese\u00f1a - Alicia Miranda\" \/>\n<meta property=\"og:description\" content=\"\u201c\u00a1Deja aqu\u00ed tu rese\u00f1a y cu\u00e9ntanos tu experiencia!\u201d\" \/>\n<meta property=\"og:url\" content=\"https:\/\/aliciamiranda.com\/en\/resena\/\" \/>\n<meta property=\"og:site_name\" content=\"Alicia Miranda\" \/>\n<meta property=\"article:modified_time\" content=\"2025-11-27T14:07:30+00:00\" \/>\n<meta property=\"og:image\" content=\"https:\/\/aliciamiranda.com\/wp-content\/uploads\/2025\/10\/Gato-Negro_Mesa-de-trabajo-1-1024x586.png\" \/>\n<meta name=\"twitter:card\" content=\"summary_large_image\" \/>\n<meta name=\"twitter:label1\" content=\"Estimated reading time\" \/>\n\t<meta name=\"twitter:data1\" content=\"1 minute\" \/>\n<script type=\"application\/ld+json\" class=\"yoast-schema-graph\">{\"@context\":\"https:\\\/\\\/schema.org\",\"@graph\":[{\"@type\":\"WebPage\",\"@id\":\"https:\\\/\\\/aliciamiranda.com\\\/resena\\\/\",\"url\":\"https:\\\/\\\/aliciamiranda.com\\\/resena\\\/\",\"name\":\"Rese\u00f1a - Alicia Miranda\",\"isPartOf\":{\"@id\":\"https:\\\/\\\/aliciamiranda.com\\\/#website\"},\"primaryImageOfPage\":{\"@id\":\"https:\\\/\\\/aliciamiranda.com\\\/resena\\\/#primaryimage\"},\"image\":{\"@id\":\"https:\\\/\\\/aliciamiranda.com\\\/resena\\\/#primaryimage\"},\"thumbnailUrl\":\"https:\\\/\\\/aliciamiranda.com\\\/wp-content\\\/uploads\\\/2025\\\/10\\\/Gato-Negro_Mesa-de-trabajo-1-1024x586.png\",\"datePublished\":\"2025-11-12T15:41:56+00:00\",\"dateModified\":\"2025-11-27T14:07:30+00:00\",\"breadcrumb\":{\"@id\":\"https:\\\/\\\/aliciamiranda.com\\\/resena\\\/#breadcrumb\"},\"inLanguage\":\"en-GB\",\"potentialAction\":[{\"@type\":\"ReadAction\",\"target\":[\"https:\\\/\\\/aliciamiranda.com\\\/resena\\\/\"]}]},{\"@type\":\"ImageObject\",\"inLanguage\":\"en-GB\",\"@id\":\"https:\\\/\\\/aliciamiranda.com\\\/resena\\\/#primaryimage\",\"url\":\"https:\\\/\\\/aliciamiranda.com\\\/wp-content\\\/uploads\\\/2025\\\/10\\\/Gato-Negro_Mesa-de-trabajo-1-1024x586.png\",\"contentUrl\":\"https:\\\/\\\/aliciamiranda.com\\\/wp-content\\\/uploads\\\/2025\\\/10\\\/Gato-Negro_Mesa-de-trabajo-1-1024x586.png\"},{\"@type\":\"BreadcrumbList\",\"@id\":\"https:\\\/\\\/aliciamiranda.com\\\/resena\\\/#breadcrumb\",\"itemListElement\":[{\"@type\":\"ListItem\",\"position\":1,\"name\":\"Portada\",\"item\":\"https:\\\/\\\/aliciamiranda.com\\\/\"},{\"@type\":\"ListItem\",\"position\":2,\"name\":\"Rese\u00f1a\"}]},{\"@type\":\"WebSite\",\"@id\":\"https:\\\/\\\/aliciamiranda.com\\\/#website\",\"url\":\"https:\\\/\\\/aliciamiranda.com\\\/\",\"name\":\"Alicia Miranda\",\"description\":\"\",\"publisher\":{\"@id\":\"https:\\\/\\\/aliciamiranda.com\\\/#organization\"},\"potentialAction\":[{\"@type\":\"SearchAction\",\"target\":{\"@type\":\"EntryPoint\",\"urlTemplate\":\"https:\\\/\\\/aliciamiranda.com\\\/?s={search_term_string}\"},\"query-input\":{\"@type\":\"PropertyValueSpecification\",\"valueRequired\":true,\"valueName\":\"search_term_string\"}}],\"inLanguage\":\"en-GB\"},{\"@type\":\"Organization\",\"@id\":\"https:\\\/\\\/aliciamiranda.com\\\/#organization\",\"name\":\"Alicia Miranda\",\"url\":\"https:\\\/\\\/aliciamiranda.com\\\/\",\"logo\":{\"@type\":\"ImageObject\",\"inLanguage\":\"en-GB\",\"@id\":\"https:\\\/\\\/aliciamiranda.com\\\/#\\\/schema\\\/logo\\\/image\\\/\",\"url\":\"https:\\\/\\\/aliciamiranda.com\\\/wp-content\\\/uploads\\\/2025\\\/10\\\/cropped-logo-2-Alicia-Miranda-Castillo-02.png\",\"contentUrl\":\"https:\\\/\\\/aliciamiranda.com\\\/wp-content\\\/uploads\\\/2025\\\/10\\\/cropped-logo-2-Alicia-Miranda-Castillo-02.png\",\"width\":2205,\"height\":1080,\"caption\":\"Alicia Miranda\"},\"image\":{\"@id\":\"https:\\\/\\\/aliciamiranda.com\\\/#\\\/schema\\\/logo\\\/image\\\/\"}}]}<\/script>\n<!-- \/ Yoast SEO plugin. -->","yoast_head_json":{"title":"Rese\u00f1a - Alicia Miranda","robots":{"index":"index","follow":"follow","max-snippet":"max-snippet:-1","max-image-preview":"max-image-preview:large","max-video-preview":"max-video-preview:-1"},"canonical":"https:\/\/aliciamiranda.com\/en\/resena\/","og_locale":"en_GB","og_type":"article","og_title":"Rese\u00f1a - Alicia Miranda","og_description":"\u201c\u00a1Deja aqu\u00ed tu rese\u00f1a y cu\u00e9ntanos tu experiencia!\u201d","og_url":"https:\/\/aliciamiranda.com\/en\/resena\/","og_site_name":"Alicia Miranda","article_modified_time":"2025-11-27T14:07:30+00:00","og_image":[{"url":"https:\/\/aliciamiranda.com\/wp-content\/uploads\/2025\/10\/Gato-Negro_Mesa-de-trabajo-1-1024x586.png","type":"","width":"","height":""}],"twitter_card":"summary_large_image","twitter_misc":{"Estimated reading time":"1 minute"},"schema":{"@context":"https:\/\/schema.org","@graph":[{"@type":"WebPage","@id":"https:\/\/aliciamiranda.com\/resena\/","url":"https:\/\/aliciamiranda.com\/resena\/","name":"Rese\u00f1a - Alicia Miranda","isPartOf":{"@id":"https:\/\/aliciamiranda.com\/#website"},"primaryImageOfPage":{"@id":"https:\/\/aliciamiranda.com\/resena\/#primaryimage"},"image":{"@id":"https:\/\/aliciamiranda.com\/resena\/#primaryimage"},"thumbnailUrl":"https:\/\/aliciamiranda.com\/wp-content\/uploads\/2025\/10\/Gato-Negro_Mesa-de-trabajo-1-1024x586.png","datePublished":"2025-11-12T15:41:56+00:00","dateModified":"2025-11-27T14:07:30+00:00","breadcrumb":{"@id":"https:\/\/aliciamiranda.com\/resena\/#breadcrumb"},"inLanguage":"en-GB","potentialAction":[{"@type":"ReadAction","target":["https:\/\/aliciamiranda.com\/resena\/"]}]},{"@type":"ImageObject","inLanguage":"en-GB","@id":"https:\/\/aliciamiranda.com\/resena\/#primaryimage","url":"https:\/\/aliciamiranda.com\/wp-content\/uploads\/2025\/10\/Gato-Negro_Mesa-de-trabajo-1-1024x586.png","contentUrl":"https:\/\/aliciamiranda.com\/wp-content\/uploads\/2025\/10\/Gato-Negro_Mesa-de-trabajo-1-1024x586.png"},{"@type":"BreadcrumbList","@id":"https:\/\/aliciamiranda.com\/resena\/#breadcrumb","itemListElement":[{"@type":"ListItem","position":1,"name":"Portada","item":"https:\/\/aliciamiranda.com\/"},{"@type":"ListItem","position":2,"name":"Rese\u00f1a"}]},{"@type":"WebSite","@id":"https:\/\/aliciamiranda.com\/#website","url":"https:\/\/aliciamiranda.com\/","name":"Alicia Miranda","description":"","publisher":{"@id":"https:\/\/aliciamiranda.com\/#organization"},"potentialAction":[{"@type":"SearchAction","target":{"@type":"EntryPoint","urlTemplate":"https:\/\/aliciamiranda.com\/?s={search_term_string}"},"query-input":{"@type":"PropertyValueSpecification","valueRequired":true,"valueName":"search_term_string"}}],"inLanguage":"en-GB"},{"@type":"Organization","@id":"https:\/\/aliciamiranda.com\/#organization","name":"Alicia Miranda","url":"https:\/\/aliciamiranda.com\/","logo":{"@type":"ImageObject","inLanguage":"en-GB","@id":"https:\/\/aliciamiranda.com\/#\/schema\/logo\/image\/","url":"https:\/\/aliciamiranda.com\/wp-content\/uploads\/2025\/10\/cropped-logo-2-Alicia-Miranda-Castillo-02.png","contentUrl":"https:\/\/aliciamiranda.com\/wp-content\/uploads\/2025\/10\/cropped-logo-2-Alicia-Miranda-Castillo-02.png","width":2205,"height":1080,"caption":"Alicia Miranda"},"image":{"@id":"https:\/\/aliciamiranda.com\/#\/schema\/logo\/image\/"}}]}},"_links":{"self":[{"href":"https:\/\/aliciamiranda.com\/en\/wp-json\/wp\/v2\/pages\/553","targetHints":{"allow":["GET"]}}],"collection":[{"href":"https:\/\/aliciamiranda.com\/en\/wp-json\/wp\/v2\/pages"}],"about":[{"href":"https:\/\/aliciamiranda.com\/en\/wp-json\/wp\/v2\/types\/page"}],"author":[{"embeddable":true,"href":"https:\/\/aliciamiranda.com\/en\/wp-json\/wp\/v2\/users\/1"}],"replies":[{"embeddable":true,"href":"https:\/\/aliciamiranda.com\/en\/wp-json\/wp\/v2\/comments?post=553"}],"version-history":[{"count":34,"href":"https:\/\/aliciamiranda.com\/en\/wp-json\/wp\/v2\/pages\/553\/revisions"}],"predecessor-version":[{"id":1049,"href":"https:\/\/aliciamiranda.com\/en\/wp-json\/wp\/v2\/pages\/553\/revisions\/1049"}],"wp:attachment":[{"href":"https:\/\/aliciamiranda.com\/en\/wp-json\/wp\/v2\/media?parent=553"}],"curies":[{"name":"wp","href":"https:\/\/api.w.org\/{rel}","templated":true}]}}